{"id":1912,"date":"2019-05-23T13:45:10","date_gmt":"2019-05-23T11:45:10","guid":{"rendered":"http:\/\/www.koncepthotels.com\/?page_id=1912"},"modified":"2025-09-04T10:27:01","modified_gmt":"2025-09-04T08:27:01","slug":"hotel-loeie-muensingen","status":"publish","type":"page","link":"https:\/\/www.koncepthotels.com\/en\/hotel-loeie-muensingen\/","title":{"rendered":"L\u00f6ie"},"content":{"rendered":"","protected":false},"excerpt":{"rendered":"","protected":false},"author":2,"featured_media":1968,"parent":0,"menu_order":6,"comment_status":"closed","ping_status":"closed","template":"","meta":{"_acf_changed":false,"inline_featured_image":false,"footnotes":""},"class_list":["post-1912","page","type-page","status-publish","has-post-thumbnail","hentry"],"acf":[],"yoast_head":"<!-- This site is optimized with the Yoast SEO plugin v27.2 - https:\/\/yoast.com\/product\/yoast-seo-wordpress\/ -->\n<title>Our hotel in M\u00fcnsingen | KONCEPT HOTELS<\/title>\n<meta name=\"description\" content=\"Discover our KONCEPT HOTEL L\u00f6ie in M\u00fcnsingen, where hospitality tradition is lived for over 650 years \u2794 now one of the most digital hotels in Switzerland.\" \/>\n<meta name=\"robots\" content=\"index, follow, max-snippet:-1, max-image-preview:large, max-video-preview:-1\" \/>\n<link rel=\"canonical\" href=\"https:\/\/www.koncepthotels.com\/en\/hotel-loeie-muensingen\/\" \/>\n<meta property=\"og:locale\" content=\"en_US\" \/>\n<meta property=\"og:type\" content=\"article\" \/>\n<meta property=\"og:title\" content=\"Our hotel in M\u00fcnsingen | KONCEPT HOTELS\" \/>\n<meta property=\"og:description\" content=\"Discover our KONCEPT HOTEL L\u00f6ie in M\u00fcnsingen, where hospitality tradition is lived for over 650 years \u2794 now one of the most digital hotels in Switzerland.\" \/>\n<meta property=\"og:url\" content=\"https:\/\/www.koncepthotels.com\/en\/hotel-loeie-muensingen\/\" \/>\n<meta property=\"og:site_name\" content=\"KONCEPT HOTELS\" \/>\n<meta property=\"article:publisher\" content=\"https:\/\/www.facebook.com\/koncepthotels\" \/>\n<meta property=\"article:modified_time\" content=\"2025-09-04T08:27:01+00:00\" \/>\n<meta property=\"og:image\" content=\"https:\/\/www.koncepthotels.com\/wp-content\/uploads\/2019\/07\/Koncept-Hotel-Loeie-Muensingen-01.jpg\" \/>\n\t<meta property=\"og:image:width\" content=\"1800\" \/>\n\t<meta property=\"og:image:height\" content=\"1200\" \/>\n\t<meta property=\"og:image:type\" content=\"image\/jpeg\" \/>\n<meta name=\"twitter:card\" content=\"summary_large_image\" \/>\n<meta name=\"twitter:site\" content=\"@koncepthotels\" \/>\n<meta name=\"twitter:label1\" content=\"Est. reading time\" \/>\n\t<meta name=\"twitter:data1\" content=\"1 minute\" \/>\n<script type=\"application\/ld+json\" class=\"yoast-schema-graph\">{\"@context\":\"https:\/\/schema.org\",\"@graph\":[{\"@type\":\"WebPage\",\"@id\":\"https:\/\/www.koncepthotels.com\/en\/hotel-loeie-muensingen\/\",\"url\":\"https:\/\/www.koncepthotels.com\/en\/hotel-loeie-muensingen\/\",\"name\":\"Our hotel in M\u00fcnsingen | KONCEPT HOTELS\",\"isPartOf\":{\"@id\":\"https:\/\/www.koncepthotels.com\/en\/#website\"},\"primaryImageOfPage\":{\"@id\":\"https:\/\/www.koncepthotels.com\/en\/hotel-loeie-muensingen\/#primaryimage\"},\"image\":{\"@id\":\"https:\/\/www.koncepthotels.com\/en\/hotel-loeie-muensingen\/#primaryimage\"},\"thumbnailUrl\":\"https:\/\/www.koncepthotels.com\/wp-content\/uploads\/2019\/07\/Koncept-Hotel-Loeie-Muensingen-01.jpg\",\"datePublished\":\"2019-05-23T11:45:10+00:00\",\"dateModified\":\"2025-09-04T08:27:01+00:00\",\"description\":\"Discover our KONCEPT HOTEL L\u00f6ie in M\u00fcnsingen, where hospitality tradition is lived for over 650 years \u2794 now one of the most digital hotels in Switzerland.\",\"breadcrumb\":{\"@id\":\"https:\/\/www.koncepthotels.com\/en\/hotel-loeie-muensingen\/#breadcrumb\"},\"inLanguage\":\"en-US\",\"potentialAction\":[{\"@type\":\"ReadAction\",\"target\":[\"https:\/\/www.koncepthotels.com\/en\/hotel-loeie-muensingen\/\"]}]},{\"@type\":\"ImageObject\",\"inLanguage\":\"en-US\",\"@id\":\"https:\/\/www.koncepthotels.com\/en\/hotel-loeie-muensingen\/#primaryimage\",\"url\":\"https:\/\/www.koncepthotels.com\/wp-content\/uploads\/2019\/07\/Koncept-Hotel-Loeie-Muensingen-01.jpg\",\"contentUrl\":\"https:\/\/www.koncepthotels.com\/wp-content\/uploads\/2019\/07\/Koncept-Hotel-Loeie-Muensingen-01.jpg\",\"width\":1800,\"height\":1200,\"caption\":\"Koncept Hotel L\u00f6ie in M\u00fcnsingen bei Bern\"},{\"@type\":\"BreadcrumbList\",\"@id\":\"https:\/\/www.koncepthotels.com\/en\/hotel-loeie-muensingen\/#breadcrumb\",\"itemListElement\":[{\"@type\":\"ListItem\",\"position\":1,\"name\":\"Home\",\"item\":\"https:\/\/www.koncepthotels.com\/en\/\"},{\"@type\":\"ListItem\",\"position\":2,\"name\":\"L\u00f6ie\"}]},{\"@type\":\"WebSite\",\"@id\":\"https:\/\/www.koncepthotels.com\/en\/#website\",\"url\":\"https:\/\/www.koncepthotels.com\/en\/\",\"name\":\"KONCEPT HOTELS\",\"description\":\"Wir denken Hotel neu.\",\"publisher\":{\"@id\":\"https:\/\/www.koncepthotels.com\/en\/#organization\"},\"potentialAction\":[{\"@type\":\"SearchAction\",\"target\":{\"@type\":\"EntryPoint\",\"urlTemplate\":\"https:\/\/www.koncepthotels.com\/en\/?s={search_term_string}\"},\"query-input\":{\"@type\":\"PropertyValueSpecification\",\"valueRequired\":true,\"valueName\":\"search_term_string\"}}],\"inLanguage\":\"en-US\"},{\"@type\":\"Organization\",\"@id\":\"https:\/\/www.koncepthotels.com\/en\/#organization\",\"name\":\"KONCEPT HOTELS\",\"url\":\"https:\/\/www.koncepthotels.com\/en\/\",\"logo\":{\"@type\":\"ImageObject\",\"inLanguage\":\"en-US\",\"@id\":\"https:\/\/www.koncepthotels.com\/en\/#\/schema\/logo\/image\/\",\"url\":\"https:\/\/www.koncepthotels.com\/wp-content\/uploads\/2018\/04\/KH-Bildmarke-rgb.png\",\"contentUrl\":\"https:\/\/www.koncepthotels.com\/wp-content\/uploads\/2018\/04\/KH-Bildmarke-rgb.png\",\"width\":980,\"height\":980,\"caption\":\"KONCEPT HOTELS\"},\"image\":{\"@id\":\"https:\/\/www.koncepthotels.com\/en\/#\/schema\/logo\/image\/\"},\"sameAs\":[\"https:\/\/www.facebook.com\/koncepthotels\",\"https:\/\/x.com\/koncepthotels\",\"https:\/\/www.instagram.com\/koncept_hotels\/\"]}]}<\/script>\n<!-- \/ Yoast SEO plugin. -->","yoast_head_json":{"title":"Our hotel in M\u00fcnsingen | KONCEPT HOTELS","description":"Discover our KONCEPT HOTEL L\u00f6ie in M\u00fcnsingen, where hospitality tradition is lived for over 650 years \u2794 now one of the most digital hotels in Switzerland.","robots":{"index":"index","follow":"follow","max-snippet":"max-snippet:-1","max-image-preview":"max-image-preview:large","max-video-preview":"max-video-preview:-1"},"canonical":"https:\/\/www.koncepthotels.com\/en\/hotel-loeie-muensingen\/","og_locale":"en_US","og_type":"article","og_title":"Our hotel in M\u00fcnsingen | KONCEPT HOTELS","og_description":"Discover our KONCEPT HOTEL L\u00f6ie in M\u00fcnsingen, where hospitality tradition is lived for over 650 years \u2794 now one of the most digital hotels in Switzerland.","og_url":"https:\/\/www.koncepthotels.com\/en\/hotel-loeie-muensingen\/","og_site_name":"KONCEPT HOTELS","article_publisher":"https:\/\/www.facebook.com\/koncepthotels","article_modified_time":"2025-09-04T08:27:01+00:00","og_image":[{"width":1800,"height":1200,"url":"https:\/\/www.koncepthotels.com\/wp-content\/uploads\/2019\/07\/Koncept-Hotel-Loeie-Muensingen-01.jpg","type":"image\/jpeg"}],"twitter_card":"summary_large_image","twitter_site":"@koncepthotels","twitter_misc":{"Est. reading time":"1 minute"},"schema":{"@context":"https:\/\/schema.org","@graph":[{"@type":"WebPage","@id":"https:\/\/www.koncepthotels.com\/en\/hotel-loeie-muensingen\/","url":"https:\/\/www.koncepthotels.com\/en\/hotel-loeie-muensingen\/","name":"Our hotel in M\u00fcnsingen | KONCEPT HOTELS","isPartOf":{"@id":"https:\/\/www.koncepthotels.com\/en\/#website"},"primaryImageOfPage":{"@id":"https:\/\/www.koncepthotels.com\/en\/hotel-loeie-muensingen\/#primaryimage"},"image":{"@id":"https:\/\/www.koncepthotels.com\/en\/hotel-loeie-muensingen\/#primaryimage"},"thumbnailUrl":"https:\/\/www.koncepthotels.com\/wp-content\/uploads\/2019\/07\/Koncept-Hotel-Loeie-Muensingen-01.jpg","datePublished":"2019-05-23T11:45:10+00:00","dateModified":"2025-09-04T08:27:01+00:00","description":"Discover our KONCEPT HOTEL L\u00f6ie in M\u00fcnsingen, where hospitality tradition is lived for over 650 years \u2794 now one of the most digital hotels in Switzerland.","breadcrumb":{"@id":"https:\/\/www.koncepthotels.com\/en\/hotel-loeie-muensingen\/#breadcrumb"},"inLanguage":"en-US","potentialAction":[{"@type":"ReadAction","target":["https:\/\/www.koncepthotels.com\/en\/hotel-loeie-muensingen\/"]}]},{"@type":"ImageObject","inLanguage":"en-US","@id":"https:\/\/www.koncepthotels.com\/en\/hotel-loeie-muensingen\/#primaryimage","url":"https:\/\/www.koncepthotels.com\/wp-content\/uploads\/2019\/07\/Koncept-Hotel-Loeie-Muensingen-01.jpg","contentUrl":"https:\/\/www.koncepthotels.com\/wp-content\/uploads\/2019\/07\/Koncept-Hotel-Loeie-Muensingen-01.jpg","width":1800,"height":1200,"caption":"Koncept Hotel L\u00f6ie in M\u00fcnsingen bei Bern"},{"@type":"BreadcrumbList","@id":"https:\/\/www.koncepthotels.com\/en\/hotel-loeie-muensingen\/#breadcrumb","itemListElement":[{"@type":"ListItem","position":1,"name":"Home","item":"https:\/\/www.koncepthotels.com\/en\/"},{"@type":"ListItem","position":2,"name":"L\u00f6ie"}]},{"@type":"WebSite","@id":"https:\/\/www.koncepthotels.com\/en\/#website","url":"https:\/\/www.koncepthotels.com\/en\/","name":"KONCEPT HOTELS","description":"Wir denken Hotel neu.","publisher":{"@id":"https:\/\/www.koncepthotels.com\/en\/#organization"},"potentialAction":[{"@type":"SearchAction","target":{"@type":"EntryPoint","urlTemplate":"https:\/\/www.koncepthotels.com\/en\/?s={search_term_string}"},"query-input":{"@type":"PropertyValueSpecification","valueRequired":true,"valueName":"search_term_string"}}],"inLanguage":"en-US"},{"@type":"Organization","@id":"https:\/\/www.koncepthotels.com\/en\/#organization","name":"KONCEPT HOTELS","url":"https:\/\/www.koncepthotels.com\/en\/","logo":{"@type":"ImageObject","inLanguage":"en-US","@id":"https:\/\/www.koncepthotels.com\/en\/#\/schema\/logo\/image\/","url":"https:\/\/www.koncepthotels.com\/wp-content\/uploads\/2018\/04\/KH-Bildmarke-rgb.png","contentUrl":"https:\/\/www.koncepthotels.com\/wp-content\/uploads\/2018\/04\/KH-Bildmarke-rgb.png","width":980,"height":980,"caption":"KONCEPT HOTELS"},"image":{"@id":"https:\/\/www.koncepthotels.com\/en\/#\/schema\/logo\/image\/"},"sameAs":["https:\/\/www.facebook.com\/koncepthotels","https:\/\/x.com\/koncepthotels","https:\/\/www.instagram.com\/koncept_hotels\/"]}]}},"_links":{"self":[{"href":"https:\/\/www.koncepthotels.com\/en\/wp-json\/wp\/v2\/pages\/1912","targetHints":{"allow":["GET"]}}],"collection":[{"href":"https:\/\/www.koncepthotels.com\/en\/wp-json\/wp\/v2\/pages"}],"about":[{"href":"https:\/\/www.koncepthotels.com\/en\/wp-json\/wp\/v2\/types\/page"}],"author":[{"embeddable":true,"href":"https:\/\/www.koncepthotels.com\/en\/wp-json\/wp\/v2\/users\/2"}],"replies":[{"embeddable":true,"href":"https:\/\/www.koncepthotels.com\/en\/wp-json\/wp\/v2\/comments?post=1912"}],"version-history":[{"count":17,"href":"https:\/\/www.koncepthotels.com\/en\/wp-json\/wp\/v2\/pages\/1912\/revisions"}],"predecessor-version":[{"id":11737,"href":"https:\/\/www.koncepthotels.com\/en\/wp-json\/wp\/v2\/pages\/1912\/revisions\/11737"}],"wp:featuredmedia":[{"embeddable":true,"href":"https:\/\/www.koncepthotels.com\/en\/wp-json\/wp\/v2\/media\/1968"}],"wp:attachment":[{"href":"https:\/\/www.koncepthotels.com\/en\/wp-json\/wp\/v2\/media?parent=1912"}],"curies":[{"name":"wp","href":"https:\/\/api.w.org\/{rel}","templated":true}]}}